{"id":10,"date":"2017-08-23T11:07:49","date_gmt":"2017-08-23T09:07:49","guid":{"rendered":"https:\/\/fewo.hamax.de\/fewo-hamax\/?page_id=10"},"modified":"2021-04-09T09:34:24","modified_gmt":"2021-04-09T07:34:24","slug":"impressum","status":"publish","type":"page","link":"https:\/\/fewo.hamax.de\/fewo-hamax\/impressum\/","title":{"rendered":"Impressum"},"content":{"rendered":"\t\t<div data-elementor-type=\"wp-page\" data-elementor-id=\"10\" class=\"elementor elementor-10\" data-elementor-post-type=\"page\">\n\t\t\t\t\t\t<section class=\"elementor-section elementor-top-section elementor-element elementor-element-213c867e elementor-section-boxed elementor-section-height-default elementor-section-height-default\" data-id=\"213c867e\" data-element_type=\"section\" data-e-type=\"section\">\n\t\t\t\t\t\t<div class=\"elementor-container elementor-column-gap-default\">\n\t\t\t\t\t<div class=\"elementor-column elementor-col-100 elementor-top-column elementor-element elementor-element-6c321da\" data-id=\"6c321da\" data-element_type=\"column\" data-e-type=\"column\">\n\t\t\t<div class=\"elementor-widget-wrap elementor-element-populated\">\n\t\t\t\t\t\t<div class=\"elementor-element elementor-element-223580bd elementor-widget elementor-widget-text-editor\" data-id=\"223580bd\" data-element_type=\"widget\" data-e-type=\"widget\" data-widget_type=\"text-editor.default\">\n\t\t\t\t<div class=\"elementor-widget-container\">\n\t\t\t\t\t\t\t\t\t<h1 style=\"text-align: center;\">Impressum<\/h1><h2 style=\"text-align: center;\">Anbieterkennzeichnung<\/h2><p style=\"text-align: center;\">HAMAX<sup>\u00ae<\/sup> Unternehemungsbetreuung e.K.<br \/>Inh. Dipl.-Ing. Dieter Recknagel<br \/>Altreick 23<br \/>D-01237 Dresden<\/p><p style=\"text-align: center;\">Telefon <a title=\"Jetzt anrufen\" href=\"tel:+493512816440\">+49 351 281 64 40<\/a><br \/>Telefax <a title=\"Jetzt anrufen\" href=\"tel:+493512816448\">+49 351 281 64 48<\/a><br \/>Mobil <a title=\"Jetzt anrufen\" href=\"tel:+4915774946399\">+49 157 749 46 399<\/a><br \/>Email <a href=\"mailto:post@hamax.de\">post@hamax.de<\/a><\/p><p style=\"text-align: center;\">Amtsgericht Dresden HRA 3917<br \/>USt.-Nr.: DE 141012802<\/p><h2 style=\"text-align: center;\">Haftungsausschluss (Disclaimer)<\/h2><h3 style=\"text-align: center;\">Haftung f\u00fcr Inhalte<\/h3><p style=\"text-align: justify;\">Die Inhalte dieser Seiten wurde mit gr\u00f6\u00dfter Sorgfalt erstellt. F\u00fcr die Richtigkeit, Vollst\u00e4ndigkeit und Aktualit\u00e4t der Inhalte kann jedoch keine Gew\u00e4hr \u00fcbernehmen. Als Diensteanbieter sind wir gem\u00e4\u00df \u00a7 7 Abs.1 TMG f\u00fcr eigene Inhalte auf diesen Seiten nach den allgemeinen Gesetzen verantwortlich. Nach \u00a7\u00a7 8 bis 10 TMG sind wir als Diensteanbieter jedoch nicht verpflichtet, \u00fcbermittelte oder gespeicherte fremde Informationen zu \u00fcberwachen oder nach Umst\u00e4nden zu forschen, die auf eine rechtswidrige T\u00e4tigkeit hinweisen. Verpflichtungen zur Entfernung oder Sperrung der Nutzung von Informationen nach den allgemeinen Gesetzen bleiben hiervon unber\u00fchrt. Eine diesbez\u00fcgliche Haftung ist jedoch erst ab dem Zeitpunkt der Kenntnis einer konkreten Rechtsverletzung m\u00f6glich. Bei Bekanntwerden von entsprechenden Rechtsverletzungen werde wir diese Inhalte umgehend entfernen.<\/p><h3 style=\"text-align: center;\">Haftung f\u00fcr Links<\/h3><p style=\"text-align: justify;\">Dieses Angebot enth\u00e4lt Links zu externen Webseiten Dritter, auf deren Inhalte wir keinen Einfluss haben. Deshalb k\u00f6nnen wir f\u00fcr diese fremden Inhalte auch keine Gew\u00e4hr \u00fcbernehmen. F\u00fcr die Inhalte der verlinkten Seiten ist stets der jeweilige Anbieter oder Betreiber der Seiten verantwortlich. Die verlinkten Seiten wurden zum Zeitpunkt der Verlinkung auf m\u00f6gliche Rechtsverst\u00f6\u00dfe \u00fcberpr\u00fcft. Rechtswidrige Inhalte waren zum Zeitpunkt der Verlinkung nicht erkennbar. Eine permanente inhaltliche Kontrolle der verlinkten Seiten ist jedoch ohne konkrete Anhaltspunkte einer Rechtsverletzung nicht zumutbar. Bei Bekanntwerden von Rechtsverletzungen werden wir derartige Links umgehend entfernen.<\/p><h3 style=\"text-align: center;\">Urheberrecht<\/h3><p style=\"text-align: justify;\">Die durch die Seitenbetreiber erstellten Inhalte und Werke auf diesen Seiten unterliegen dem deutschen Urheberrecht. Die Vervielf\u00e4ltigung, Bearbeitung, Verbreitung und jede Art der Verwertung au\u00dferhalb der Grenzen des Urheberrechtes bed\u00fcrfen der schriftlichen Zustimmung des jeweiligen Autors bzw. Erstellers. Downloads und Kopien dieser Seite sind nur f\u00fcr den privaten, nicht kommerziellen Gebrauch gestattet. Soweit die Inhalte auf dieser Seite nicht vom Betreiber erstellt wurden, werden die Urheberrechte Dritter beachtet. Insbesondere werden Inhalte Dritter als solche gekennzeichnet. Sollten Sie trotzdem auf eine Urheberrechtsverletzung aufmerksam werden, bitten wir um einen entsprechenden Hinweis. Bei Bekanntwerden von Rechtsverletzungen werden wir derartige Inhalte umgehend entfernen.<\/p><h3 style=\"text-align: center;\">Bildnachweise<\/h3><p style=\"text-align: justify;\">\u00a9 Bildpixel, Dagmar Flehmig, Karl Heinz Laube &#8211; pixelio.de<br \/>\u00a9 Sonja Drechsel-Walther<\/p><p>Wir danken den Fotografen und Betreibern der Webseiten f\u00fcr ihr Engagement!<\/p>\t\t\t\t\t\t\t\t<\/div>\n\t\t\t\t<\/div>\n\t\t\t\t\t<\/div>\n\t\t<\/div>\n\t\t\t\t\t<\/div>\n\t\t<\/section>\n\t\t\t\t<\/div>\n\t\t","protected":false},"excerpt":{"rendered":"<p>Impressum Anbieterkennzeichnung HAMAX\u00ae Unternehemungsbetreuung e.K.Inh. Dipl.-Ing. Dieter RecknagelAltreick 23D-01237 Dresden Telefon +49 351 281 64 40Telefax +49 351 281 64 48Mobil +49 157 749 46 399Email post@hamax.de Amtsgericht Dresden HRA 3917USt.-Nr.: DE 141012802 Haftungsausschluss (Disclaimer) Haftung f\u00fcr Inhalte Die Inhalte dieser Seiten wurde mit gr\u00f6\u00dfter Sorgfalt erstellt. F\u00fcr die Richtigkeit, Vollst\u00e4ndigkeit und Aktualit\u00e4t der Inhalte [&hellip;]<\/p>\n","protected":false},"author":1,"featured_media":0,"parent":0,"menu_order":4,"comment_status":"closed","ping_status":"closed","template":"","meta":{"footnotes":""},"class_list":["post-10","page","type-page","status-publish","hentry"],"aioseo_notices":[],"_links":{"self":[{"href":"https:\/\/fewo.hamax.de\/fewo-hamax\/wp-json\/wp\/v2\/pages\/10","targetHints":{"allow":["GET"]}}],"collection":[{"href":"https:\/\/fewo.hamax.de\/fewo-hamax\/wp-json\/wp\/v2\/pages"}],"about":[{"href":"https:\/\/fewo.hamax.de\/fewo-hamax\/wp-json\/wp\/v2\/types\/page"}],"author":[{"embeddable":true,"href":"https:\/\/fewo.hamax.de\/fewo-hamax\/wp-json\/wp\/v2\/users\/1"}],"replies":[{"embeddable":true,"href":"https:\/\/fewo.hamax.de\/fewo-hamax\/wp-json\/wp\/v2\/comments?post=10"}],"version-history":[{"count":5,"href":"https:\/\/fewo.hamax.de\/fewo-hamax\/wp-json\/wp\/v2\/pages\/10\/revisions"}],"predecessor-version":[{"id":795,"href":"https:\/\/fewo.hamax.de\/fewo-hamax\/wp-json\/wp\/v2\/pages\/10\/revisions\/795"}],"wp:attachment":[{"href":"https:\/\/fewo.hamax.de\/fewo-hamax\/wp-json\/wp\/v2\/media?parent=10"}],"curies":[{"name":"wp","href":"https:\/\/api.w.org\/{rel}","templated":true}]}}